{"id":136,"date":"2025-09-03T11:26:47","date_gmt":"2025-09-03T11:26:47","guid":{"rendered":"https:\/\/next26673.elev.nextkbh.dk\/?page_id=136"},"modified":"2025-09-03T11:35:58","modified_gmt":"2025-09-03T11:35:58","slug":"logo","status":"publish","type":"page","link":"https:\/\/next26673.elev.nextkbh.dk\/?page_id=136","title":{"rendered":"LOGO"},"content":{"rendered":"\n<h2 class=\"wp-block-heading\"><strong>ROSKILDE ZOO<\/strong><\/h2>\n\n\n\n<h3 class=\"wp-block-heading\"><strong>Rentegning af logo<\/strong><\/h3>\n\n\n\n<figure class=\"wp-block-image size-full\"><img loading=\"lazy\" decoding=\"async\" width=\"512\" height=\"512\" src=\"https:\/\/next26673.elev.nextkbh.dk\/wp-content\/uploads\/2025\/09\/logo_zoo.png\" alt=\"\" class=\"wp-image-55\" style=\"aspect-ratio:1;object-fit:cover\" srcset=\"https:\/\/next26673.elev.nextkbh.dk\/wp-content\/uploads\/2025\/09\/logo_zoo.png 512w, https:\/\/next26673.elev.nextkbh.dk\/wp-content\/uploads\/2025\/09\/logo_zoo-300x300.png 300w, https:\/\/next26673.elev.nextkbh.dk\/wp-content\/uploads\/2025\/09\/logo_zoo-150x150.png 150w\" sizes=\"auto, (max-width: 512px) 100vw, 512px\" \/><\/figure>\n\n\n\n<p>I Illustrator rentegnede jeg logoet ud fra den udleverede AI-fil. Jeg brugte Merriweather som skrifttype og s\u00f8rgede for, at alle elementer blev pr\u00e6cist genskabt, s\u00e5 logoet kan bruges i b\u00e5de tryk og digitalt uden at miste kvalitet. Jeg eksperimenterede med forskellige farvekombinationer og besluttede at bruge gr\u00f8n og orange, s\u00e5 logoet kom til at h\u00e6nge sammen med folderens visuelle stil. Mit fokus var at skabe et im\u00f8dekommende og genkendeligt udtryk, der passede til b\u00f8rnefamilier som m\u00e5lgruppe.<\/p>\n\n\n\n<p><\/p>\n","protected":false},"excerpt":{"rendered":"<p>ROSKILDE ZOO Rentegning af logo I Illustrator rentegnede jeg logoet ud fra den udleverede AI-fil. Jeg brugte Merriweather som skrifttype og s\u00f8rgede for, at alle elementer blev pr\u00e6cist genskabt, s\u00e5 logoet kan bruges i b\u00e5de tryk og digitalt uden at miste kvalitet. Jeg eksperimenterede med forskellige farvekombinationer og besluttede at bruge gr\u00f8n og orange, s\u00e5 [&hellip;]<\/p>\n","protected":false},"author":1,"featured_media":0,"parent":44,"menu_order":0,"comment_status":"closed","ping_status":"closed","template":"","meta":{"footnotes":""},"class_list":["post-136","page","type-page","status-publish","hentry"],"_links":{"self":[{"href":"https:\/\/next26673.elev.nextkbh.dk\/index.php?rest_route=\/wp\/v2\/pages\/136","targetHints":{"allow":["GET"]}}],"collection":[{"href":"https:\/\/next26673.elev.nextkbh.dk\/index.php?rest_route=\/wp\/v2\/pages"}],"about":[{"href":"https:\/\/next26673.elev.nextkbh.dk\/index.php?rest_route=\/wp\/v2\/types\/page"}],"author":[{"embeddable":true,"href":"https:\/\/next26673.elev.nextkbh.dk\/index.php?rest_route=\/wp\/v2\/users\/1"}],"replies":[{"embeddable":true,"href":"https:\/\/next26673.elev.nextkbh.dk\/index.php?rest_route=%2Fwp%2Fv2%2Fcomments&post=136"}],"version-history":[{"count":1,"href":"https:\/\/next26673.elev.nextkbh.dk\/index.php?rest_route=\/wp\/v2\/pages\/136\/revisions"}],"predecessor-version":[{"id":137,"href":"https:\/\/next26673.elev.nextkbh.dk\/index.php?rest_route=\/wp\/v2\/pages\/136\/revisions\/137"}],"up":[{"embeddable":true,"href":"https:\/\/next26673.elev.nextkbh.dk\/index.php?rest_route=\/wp\/v2\/pages\/44"}],"wp:attachment":[{"href":"https:\/\/next26673.elev.nextkbh.dk\/index.php?rest_route=%2Fwp%2Fv2%2Fmedia&parent=136"}],"curies":[{"name":"wp","href":"https:\/\/api.w.org\/{rel}","templated":true}]}}