{"id":127,"date":"2025-09-03T11:15:28","date_gmt":"2025-09-03T11:15:28","guid":{"rendered":"https:\/\/next26673.elev.nextkbh.dk\/?page_id=127"},"modified":"2025-09-03T11:18:07","modified_gmt":"2025-09-03T11:18:07","slug":"tryksag","status":"publish","type":"page","link":"https:\/\/next26673.elev.nextkbh.dk\/?page_id=127","title":{"rendered":"TRYKSAG"},"content":{"rendered":"\n<h2 class=\"wp-block-heading\">ROSKILDE ZOO<\/h2>\n\n\n\n<p><strong>Folder (148&#215;210 mm)<\/strong><\/p>\n\n\n\n<figure class=\"wp-block-image size-large\"><img loading=\"lazy\" decoding=\"async\" width=\"1024\" height=\"384\" src=\"https:\/\/next26673.elev.nextkbh.dk\/wp-content\/uploads\/2025\/09\/Untitled-2-01-1024x384.png\" alt=\"\" class=\"wp-image-45\" srcset=\"https:\/\/next26673.elev.nextkbh.dk\/wp-content\/uploads\/2025\/09\/Untitled-2-01-1024x384.png 1024w, https:\/\/next26673.elev.nextkbh.dk\/wp-content\/uploads\/2025\/09\/Untitled-2-01-300x112.png 300w, https:\/\/next26673.elev.nextkbh.dk\/wp-content\/uploads\/2025\/09\/Untitled-2-01-768x288.png 768w, https:\/\/next26673.elev.nextkbh.dk\/wp-content\/uploads\/2025\/09\/Untitled-2-01.png 1233w\" sizes=\"auto, (max-width: 1024px) 100vw, 1024px\" \/><\/figure>\n\n\n\n<p class=\"has-small-font-size\">Jeg startede med at s\u00e6tte dokumentet korrekt op i InDesign ud fra de m\u00e5l, margener og baseline grid, der stod i opgavebeskrivelsen. Derefter importerede jeg teksten fra roskildeZooTekst.docx og begyndte at arbejde med typografien. Jeg fulgte de fastlagte krav til skrifttyper og rubrikniveauer, men jeg justerede ops\u00e6tningen, s\u00e5 der blev skabt et tydeligt hierarki mellem rubrikker, mellemrubrikker og br\u00f8dtekst.<\/p>\n\n\n\n<figure class=\"wp-block-image size-large\"><img loading=\"lazy\" decoding=\"async\" width=\"1024\" height=\"384\" src=\"https:\/\/next26673.elev.nextkbh.dk\/wp-content\/uploads\/2025\/09\/Untitled-2-02-1024x384.png\" alt=\"\" class=\"wp-image-46\" srcset=\"https:\/\/next26673.elev.nextkbh.dk\/wp-content\/uploads\/2025\/09\/Untitled-2-02-1024x384.png 1024w, https:\/\/next26673.elev.nextkbh.dk\/wp-content\/uploads\/2025\/09\/Untitled-2-02-300x112.png 300w, https:\/\/next26673.elev.nextkbh.dk\/wp-content\/uploads\/2025\/09\/Untitled-2-02-768x288.png 768w, https:\/\/next26673.elev.nextkbh.dk\/wp-content\/uploads\/2025\/09\/Untitled-2-02.png 1233w\" sizes=\"auto, (max-width: 1024px) 100vw, 1024px\" \/><\/figure>\n\n\n\n<p class=\"has-small-font-size\">Jeg valgte at bruge farverne gr\u00f8n og orange konsekvent, fordi de b\u00e5de matcher Roskilde Zoos identitet og giver et venligt udtryk, der tiltaler b\u00f8rnefamilier. For at sikre en p\u00e6n spalteops\u00e6tning brugte jeg de angivne hyphenation- og justification-indstillinger, hvilket gjorde teksten let at l\u00e6se og visuelt harmonisk.<\/p>\n","protected":false},"excerpt":{"rendered":"<p>ROSKILDE ZOO Folder (148&#215;210 mm) Jeg startede med at s\u00e6tte dokumentet korrekt op i InDesign ud fra de m\u00e5l, margener og baseline grid, der stod i opgavebeskrivelsen. Derefter importerede jeg teksten fra roskildeZooTekst.docx og begyndte at arbejde med typografien. Jeg fulgte de fastlagte krav til skrifttyper og rubrikniveauer, men jeg justerede ops\u00e6tningen, s\u00e5 der blev [&hellip;]<\/p>\n","protected":false},"author":1,"featured_media":0,"parent":44,"menu_order":0,"comment_status":"closed","ping_status":"closed","template":"","meta":{"footnotes":""},"class_list":["post-127","page","type-page","status-publish","hentry"],"_links":{"self":[{"href":"https:\/\/next26673.elev.nextkbh.dk\/index.php?rest_route=\/wp\/v2\/pages\/127","targetHints":{"allow":["GET"]}}],"collection":[{"href":"https:\/\/next26673.elev.nextkbh.dk\/index.php?rest_route=\/wp\/v2\/pages"}],"about":[{"href":"https:\/\/next26673.elev.nextkbh.dk\/index.php?rest_route=\/wp\/v2\/types\/page"}],"author":[{"embeddable":true,"href":"https:\/\/next26673.elev.nextkbh.dk\/index.php?rest_route=\/wp\/v2\/users\/1"}],"replies":[{"embeddable":true,"href":"https:\/\/next26673.elev.nextkbh.dk\/index.php?rest_route=%2Fwp%2Fv2%2Fcomments&post=127"}],"version-history":[{"count":3,"href":"https:\/\/next26673.elev.nextkbh.dk\/index.php?rest_route=\/wp\/v2\/pages\/127\/revisions"}],"predecessor-version":[{"id":130,"href":"https:\/\/next26673.elev.nextkbh.dk\/index.php?rest_route=\/wp\/v2\/pages\/127\/revisions\/130"}],"up":[{"embeddable":true,"href":"https:\/\/next26673.elev.nextkbh.dk\/index.php?rest_route=\/wp\/v2\/pages\/44"}],"wp:attachment":[{"href":"https:\/\/next26673.elev.nextkbh.dk\/index.php?rest_route=%2Fwp%2Fv2%2Fmedia&parent=127"}],"curies":[{"name":"wp","href":"https:\/\/api.w.org\/{rel}","templated":true}]}}